{"id":418,"date":"2007-10-02T19:39:56","date_gmt":"2007-10-03T01:39:56","guid":{"rendered":"http:\/\/terapiabiografica.com.br\/blog\/about\/"},"modified":"2007-10-02T19:39:56","modified_gmt":"2007-10-03T01:39:56","slug":"about","status":"publish","type":"page","link":"https:\/\/terapiabiografica.com.br\/blog\/about\/","title":{"rendered":"Sobre este blog"},"content":{"rendered":"<p>Aqui falo um pouco de mim e de temas relacionados ao desenvolvimento humano. Assim vou tecendo minha hist\u00f3ria.<\/p>\n<div class=\"sharedaddy sd-sharing-enabled\"><div class=\"robots-nocontent sd-block sd-social sd-social-icon-text sd-sharing\"><h3 class=\"sd-title\">Compartilhe isso:<\/h3><div class=\"sd-content\"><ul><li class=\"share-print\"><a rel=\"nofollow noopener noreferrer\" data-shared=\"\" class=\"share-print sd-button share-icon\" href=\"https:\/\/terapiabiografica.com.br\/blog\/about\/\" target=\"_blank\" title=\"Clique para imprimir\" ><span>Imprimir<\/span><\/a><\/li><li class=\"share-email\"><a rel=\"nofollow noopener noreferrer\" data-shared=\"\" class=\"share-email sd-button share-icon\" href=\"mailto:?subject=%5BPost%20compartilhado%5D%20Sobre%20este%20blog&body=https%3A%2F%2Fterapiabiografica.com.br%2Fblog%2Fabout%2F&share=email\" target=\"_blank\" title=\"Clique para enviar um link por e-mail para um amigo\" data-email-share-error-title=\"Voc\u00ea tem algum e-mail configurado?\" data-email-share-error-text=\"Se voc\u00ea est\u00e1 tendo problemas para compartilhar por e-mail, \u00e9 poss\u00edvel que voc\u00ea n\u00e3o tenha configurado o e-mail para seu navegador. Talvez seja necess\u00e1rio voc\u00ea mesmo criar um novo e-mail.\" data-email-share-nonce=\"51de05e183\" data-email-share-track-url=\"https:\/\/terapiabiografica.com.br\/blog\/about\/?share=email\"><span>E-mail<\/span><\/a><\/li><li class=\"share-facebook\"><a rel=\"nofollow noopener noreferrer\" data-shared=\"sharing-facebook-418\" class=\"share-facebook sd-button share-icon\" href=\"https:\/\/terapiabiografica.com.br\/blog\/about\/?share=facebook\" target=\"_blank\" title=\"Clique para compartilhar no Facebook\" ><span>Facebook<\/span><\/a><\/li><li class=\"share-twitter\"><a rel=\"nofollow noopener noreferrer\" data-shared=\"sharing-twitter-418\" class=\"share-twitter sd-button share-icon\" href=\"https:\/\/terapiabiografica.com.br\/blog\/about\/?share=twitter\" target=\"_blank\" title=\"Clique para compartilhar no Twitter\" ><span>Twitter<\/span><\/a><\/li><li class=\"share-tumblr\"><a rel=\"nofollow noopener noreferrer\" data-shared=\"\" class=\"share-tumblr sd-button share-icon\" href=\"https:\/\/terapiabiografica.com.br\/blog\/about\/?share=tumblr\" target=\"_blank\" title=\"Clique para compartilhar no Tumblr\" ><span>Tumblr<\/span><\/a><\/li><li class=\"share-linkedin\"><a rel=\"nofollow noopener noreferrer\" data-shared=\"sharing-linkedin-418\" class=\"share-linkedin sd-button share-icon\" href=\"https:\/\/terapiabiografica.com.br\/blog\/about\/?share=linkedin\" target=\"_blank\" title=\"Clique para compartilhar no LinkedIn\" ><span>LinkedIn<\/span><\/a><\/li><li class=\"share-reddit\"><a rel=\"nofollow noopener noreferrer\" data-shared=\"\" class=\"share-reddit sd-button share-icon\" href=\"https:\/\/terapiabiografica.com.br\/blog\/about\/?share=reddit\" target=\"_blank\" title=\"Clique para compartilhar no Reddit\" ><span>Reddit<\/span><\/a><\/li><li class=\"share-pinterest\"><a rel=\"nofollow noopener noreferrer\" data-shared=\"sharing-pinterest-418\" class=\"share-pinterest sd-button share-icon\" href=\"https:\/\/terapiabiografica.com.br\/blog\/about\/?share=pinterest\" target=\"_blank\" title=\"Clique para compartilhar no Pinterest\" ><span>Pinterest<\/span><\/a><\/li><li class=\"share-pocket\"><a rel=\"nofollow noopener noreferrer\" data-shared=\"\" class=\"share-pocket sd-button share-icon\" href=\"https:\/\/terapiabiografica.com.br\/blog\/about\/?share=pocket\" target=\"_blank\" title=\"Clique para compartilhar no Pocket\" ><span>Pocket<\/span><\/a><\/li><li class=\"share-end\"><\/li><\/ul><\/div><\/div><\/div>","protected":false},"excerpt":{"rendered":"<p>Aqui falo um pouco de mim e de temas relacionados ao desenvolvimento humano. Assim vou tecendo minha hist\u00f3ria.<\/p>\n<div class=\"sharedaddy sd-sharing-enabled\"><div class=\"robots-nocontent sd-block sd-social sd-social-icon-text sd-sharing\"><h3 class=\"sd-title\">Compartilhe isso:<\/h3><div class=\"sd-content\"><ul><li class=\"share-print\"><a rel=\"nofollow noopener noreferrer\" data-shared=\"\" class=\"share-print sd-button share-icon\" href=\"https:\/\/terapiabiografica.com.br\/blog\/about\/\" target=\"_blank\" title=\"Clique para imprimir\" ><span>Imprimir<\/span><\/a><\/li><li class=\"share-email\"><a rel=\"nofollow noopener noreferrer\" data-shared=\"\" class=\"share-email sd-button share-icon\" href=\"mailto:?subject=%5BPost%20compartilhado%5D%20Sobre%20este%20blog&body=https%3A%2F%2Fterapiabiografica.com.br%2Fblog%2Fabout%2F&share=email\" target=\"_blank\" title=\"Clique para enviar um link por e-mail para um amigo\" data-email-share-error-title=\"Voc\u00ea tem algum e-mail configurado?\" data-email-share-error-text=\"Se voc\u00ea est\u00e1 tendo problemas para compartilhar por e-mail, \u00e9 poss\u00edvel que voc\u00ea n\u00e3o tenha configurado o e-mail para seu navegador. Talvez seja necess\u00e1rio voc\u00ea mesmo criar um novo e-mail.\" data-email-share-nonce=\"51de05e183\" data-email-share-track-url=\"https:\/\/terapiabiografica.com.br\/blog\/about\/?share=email\"><span>E-mail<\/span><\/a><\/li><li class=\"share-facebook\"><a rel=\"nofollow noopener noreferrer\" data-shared=\"sharing-facebook-418\" class=\"share-facebook sd-button share-icon\" href=\"https:\/\/terapiabiografica.com.br\/blog\/about\/?share=facebook\" target=\"_blank\" title=\"Clique para compartilhar no Facebook\" ><span>Facebook<\/span><\/a><\/li><li class=\"share-twitter\"><a rel=\"nofollow noopener noreferrer\" data-shared=\"sharing-twitter-418\" class=\"share-twitter sd-button share-icon\" href=\"https:\/\/terapiabiografica.com.br\/blog\/about\/?share=twitter\" target=\"_blank\" title=\"Clique para compartilhar no Twitter\" ><span>Twitter<\/span><\/a><\/li><li class=\"share-tumblr\"><a rel=\"nofollow noopener noreferrer\" data-shared=\"\" class=\"share-tumblr sd-button share-icon\" href=\"https:\/\/terapiabiografica.com.br\/blog\/about\/?share=tumblr\" target=\"_blank\" title=\"Clique para compartilhar no Tumblr\" ><span>Tumblr<\/span><\/a><\/li><li class=\"share-linkedin\"><a rel=\"nofollow noopener noreferrer\" data-shared=\"sharing-linkedin-418\" class=\"share-linkedin sd-button share-icon\" href=\"https:\/\/terapiabiografica.com.br\/blog\/about\/?share=linkedin\" target=\"_blank\" title=\"Clique para compartilhar no LinkedIn\" ><span>LinkedIn<\/span><\/a><\/li><li class=\"share-reddit\"><a rel=\"nofollow noopener noreferrer\" data-shared=\"\" class=\"share-reddit sd-button share-icon\" href=\"https:\/\/terapiabiografica.com.br\/blog\/about\/?share=reddit\" target=\"_blank\" title=\"Clique para compartilhar no Reddit\" ><span>Reddit<\/span><\/a><\/li><li class=\"share-pinterest\"><a rel=\"nofollow noopener noreferrer\" data-shared=\"sharing-pinterest-418\" class=\"share-pinterest sd-button share-icon\" href=\"https:\/\/terapiabiografica.com.br\/blog\/about\/?share=pinterest\" target=\"_blank\" title=\"Clique para compartilhar no Pinterest\" ><span>Pinterest<\/span><\/a><\/li><li class=\"share-pocket\"><a rel=\"nofollow noopener noreferrer\" data-shared=\"\" class=\"share-pocket sd-button share-icon\" href=\"https:\/\/terapiabiografica.com.br\/blog\/about\/?share=pocket\" target=\"_blank\" title=\"Clique para compartilhar no Pocket\" ><span>Pocket<\/span><\/a><\/li><li class=\"share-end\"><\/li><\/ul><\/div><\/div><\/div>","protected":false},"author":2,"featured_media":0,"parent":0,"menu_order":0,"comment_status":"open","ping_status":"open","template":"","meta":{"jetpack_post_was_ever_published":false,"footnotes":""},"class_list":["post-418","page","type-page","status-publish","hentry"],"jetpack_sharing_enabled":true,"jetpack_shortlink":"https:\/\/wp.me\/P7JME-6K","_links":{"self":[{"href":"https:\/\/terapiabiografica.com.br\/blog\/wp-json\/wp\/v2\/pages\/418","targetHints":{"allow":["GET"]}}],"collection":[{"href":"https:\/\/terapiabiografica.com.br\/blog\/wp-json\/wp\/v2\/pages"}],"about":[{"href":"https:\/\/terapiabiografica.com.br\/blog\/wp-json\/wp\/v2\/types\/page"}],"author":[{"embeddable":true,"href":"https:\/\/terapiabiografica.com.br\/blog\/wp-json\/wp\/v2\/users\/2"}],"replies":[{"embeddable":true,"href":"https:\/\/terapiabiografica.com.br\/blog\/wp-json\/wp\/v2\/comments?post=418"}],"version-history":[{"count":0,"href":"https:\/\/terapiabiografica.com.br\/blog\/wp-json\/wp\/v2\/pages\/418\/revisions"}],"wp:attachment":[{"href":"https:\/\/terapiabiografica.com.br\/blog\/wp-json\/wp\/v2\/media?parent=418"}],"curies":[{"name":"wp","href":"https:\/\/api.w.org\/{rel}","templated":true}]}}